{"id":302,"date":"2018-06-18T09:33:15","date_gmt":"2018-06-18T07:33:15","guid":{"rendered":"http:\/\/kamykdaunen.cz\/?page_id=302"},"modified":"2023-04-05T13:50:48","modified_gmt":"2023-04-05T11:50:48","slug":"qualitaet","status":"publish","type":"page","link":"https:\/\/kamykdaunen.cz\/de\/qualitaet\/","title":{"rendered":"Qualit\u00e4t"},"content":{"rendered":"<div class=\"fusion-fullwidth fullwidth-box fusion-builder-row-1 fusion-flex-container nonhundred-percent-fullwidth non-hundred-percent-height-scrolling\" style=\"--awb-border-radius-top-left:0px;--awb-border-radius-top-right:0px;--awb-border-radius-bottom-right:0px;--awb-border-radius-bottom-left:0px;--awb-flex-wrap:wrap;\" ><div class=\"fusion-builder-row fusion-row fusion-flex-align-items-flex-start fusion-flex-content-wrap\" style=\"max-width:calc( 1200px + 0px );margin-left: calc(-0px \/ 2 );margin-right: calc(-0px \/ 2 );\"><div class=\"fusion-layout-column fusion_builder_column fusion-builder-column-0 fusion_builder_column_1_1 1_1 fusion-flex-column\" style=\"--awb-bg-size:cover;--awb-width-large:100%;--awb-margin-top-large:0px;--awb-spacing-right-large:0px;--awb-margin-bottom-large:20px;--awb-spacing-left-large:0px;--awb-width-medium:100%;--awb-spacing-right-medium:0px;--awb-spacing-left-medium:0px;--awb-width-small:100%;--awb-spacing-right-small:0px;--awb-spacing-left-small:0px;\"><div class=\"fusion-column-wrapper fusion-flex-justify-content-flex-start fusion-content-layout-column\"><div class=\"fusion-title title fusion-title-1 sep-underline sep-solid fusion-title-center fusion-title-text fusion-title-size-one\" style=\"--awb-sep-color:#002f5c;\"><h1 class=\"fusion-title-heading title-heading-center fusion-responsive-typography-calculated\" style=\"margin:0;--fontSize:50;line-height:1.4;\">ZERTIFIKATE<\/h1><\/div><div class=\"fusion-text fusion-text-1\"><p lang=\"de-DE\"><strong>Die Firma Kam\u00fdk Daunen<\/strong> absolviert regelm\u00e4\u00dfig eine Reihe von <strong>prestigetr\u00e4chtigen Zertifizierungen<\/strong>. F\u00fcr die wesentlichstens kann man RDS, Downpass, ISO 9001, ISO 28000, Downafresh, Daunasan, Nomite, STANDARD 100 by OEKO-TEX\u00ae und andere halten. Zur Zeit arbeiten wir auf der Gewinnung des Bluesign-Zertifikat und wir sind Mitglieder von EDFA.<\/p>\n<p lang=\"de-DE\">Wir haben auch <strong>unser eigenes, komplett ausgestattetes Labor<\/strong>, das von <strong>geschultem Personal mit langj\u00e4hriger Erfahrung geleitet wird<\/strong>. Wir arbeiten intensiv zusammen und nutzen die Dienstleistungen der IDFL-Labore bei der Best\u00e4tigung der Ergebnisse von Testen unseres Labors. Erw\u00e4hnenswert ist, dass wir jedes Jahr den <strong>EDFA \u201ering test\u201c<\/strong> verteidigen, der best\u00e4tigt, dass unsere Methoden des Testens der Daunenf\u00fcllungen im Einklang mit den europ\u00e4ischen und auch Weltstandards sind. Ein weiterer interessanter Punkt ist, dass wir regelm\u00e4\u00dfig die anspruchvollen <strong>Kriterien des IKEA\u201c GO\/NO-GO\u201c<\/strong>-Audits <strong>immer mit dem positiven Ergebnis \u201eGO\u201c<\/strong> verteidigen.<\/p>\n<\/div><div class=\"fusion-image-carousel fusion-image-carousel-auto fusion-image-carousel-1 lightbox-enabled\"><div class=\"awb-carousel awb-swiper awb-swiper-carousel\" data-autoplay=\"yes\" data-columns=\"5\" data-itemmargin=\"13\" data-itemwidth=\"180\" data-touchscroll=\"no\" data-imagesize=\"auto\"><div class=\"swiper-wrapper awb-image-carousel-wrapper fusion-flex-align-items-center\"><div class=\"swiper-slide\"><div class=\"fusion-carousel-item-wrapper\"><div class=\"fusion-image-wrapper hover-type-none\"><a data-rel=\"iLightbox[image_carousel_1]\" data-title=\"cert_Daunasan-Downafresh_2023-04_DE-page-001\" aria-label=\"cert_Daunasan-Downafresh_2023-04_DE-page-001\" href=\"https:\/\/kamykdaunen.cz\/wp-content\/uploads\/2023\/04\/cert_Daunasan-Downafresh_2023-04_DE-page-001.jpg\" target=\"_self\"><img decoding=\"async\" width=\"1682\" height=\"2380\" src=\"https:\/\/kamykdaunen.cz\/wp-content\/uploads\/2023\/04\/cert_Daunasan-Downafresh_2023-04_DE-page-001.jpg\" class=\"attachment-full size-full\" alt=\"\" srcset=\"https:\/\/kamykdaunen.cz\/wp-content\/uploads\/2023\/04\/cert_Daunasan-Downafresh_2023-04_DE-page-001-200x283.jpg 200w, https:\/\/kamykdaunen.cz\/wp-content\/uploads\/2023\/04\/cert_Daunasan-Downafresh_2023-04_DE-page-001-400x566.jpg 400w, https:\/\/kamykdaunen.cz\/wp-content\/uploads\/2023\/04\/cert_Daunasan-Downafresh_2023-04_DE-page-001-600x849.jpg 600w, https:\/\/kamykdaunen.cz\/wp-content\/uploads\/2023\/04\/cert_Daunasan-Downafresh_2023-04_DE-page-001-800x1132.jpg 800w, https:\/\/kamykdaunen.cz\/wp-content\/uploads\/2023\/04\/cert_Daunasan-Downafresh_2023-04_DE-page-001-1200x1698.jpg 1200w, https:\/\/kamykdaunen.cz\/wp-content\/uploads\/2023\/04\/cert_Daunasan-Downafresh_2023-04_DE-page-001.jpg 1682w\" sizes=\"(min-width: 2200px) 100vw, (min-width: 928px) 230px, (min-width: 856px) 287px, (min-width: 784px) 383px, (min-width: 712px) 574px, (min-width: 640px) 712px, \" \/><\/a><\/div><\/div><\/div><div class=\"swiper-slide\"><div class=\"fusion-carousel-item-wrapper\"><div class=\"fusion-image-wrapper hover-type-none\"><a data-rel=\"iLightbox[image_carousel_1]\" data-title=\"cert_Downpass_2023-04_EN-page-001\" aria-label=\"cert_Downpass_2023-04_EN-page-001\" href=\"https:\/\/kamykdaunen.cz\/wp-content\/uploads\/2023\/04\/cert_Downpass_2023-04_EN-page-001.jpg\" target=\"_self\"><img decoding=\"async\" width=\"1190\" height=\"1682\" src=\"https:\/\/kamykdaunen.cz\/wp-content\/uploads\/2023\/04\/cert_Downpass_2023-04_EN-page-001.jpg\" class=\"attachment-full size-full\" alt=\"\" srcset=\"https:\/\/kamykdaunen.cz\/wp-content\/uploads\/2023\/04\/cert_Downpass_2023-04_EN-page-001-200x283.jpg 200w, https:\/\/kamykdaunen.cz\/wp-content\/uploads\/2023\/04\/cert_Downpass_2023-04_EN-page-001-400x565.jpg 400w, https:\/\/kamykdaunen.cz\/wp-content\/uploads\/2023\/04\/cert_Downpass_2023-04_EN-page-001-600x848.jpg 600w, https:\/\/kamykdaunen.cz\/wp-content\/uploads\/2023\/04\/cert_Downpass_2023-04_EN-page-001-800x1131.jpg 800w, https:\/\/kamykdaunen.cz\/wp-content\/uploads\/2023\/04\/cert_Downpass_2023-04_EN-page-001.jpg 1190w\" sizes=\"(min-width: 2200px) 100vw, (min-width: 928px) 230px, (min-width: 856px) 287px, (min-width: 784px) 383px, (min-width: 712px) 574px, (min-width: 640px) 712px, \" \/><\/a><\/div><\/div><\/div><div class=\"swiper-slide\"><div class=\"fusion-carousel-item-wrapper\"><div class=\"fusion-image-wrapper hover-type-none\"><a data-rel=\"iLightbox[image_carousel_1]\" data-title=\"cert_GRS_2023-04_EN-page-001\" aria-label=\"cert_GRS_2023-04_EN-page-001\" href=\"https:\/\/kamykdaunen.cz\/wp-content\/uploads\/2023\/04\/cert_GRS_2023-04_EN-page-001.jpg\" target=\"_self\"><img decoding=\"async\" width=\"1190\" height=\"1684\" src=\"https:\/\/kamykdaunen.cz\/wp-content\/uploads\/2023\/04\/cert_GRS_2023-04_EN-page-001.jpg\" class=\"attachment-full size-full\" alt=\"\" srcset=\"https:\/\/kamykdaunen.cz\/wp-content\/uploads\/2023\/04\/cert_GRS_2023-04_EN-page-001-200x283.jpg 200w, https:\/\/kamykdaunen.cz\/wp-content\/uploads\/2023\/04\/cert_GRS_2023-04_EN-page-001-400x566.jpg 400w, https:\/\/kamykdaunen.cz\/wp-content\/uploads\/2023\/04\/cert_GRS_2023-04_EN-page-001-600x849.jpg 600w, https:\/\/kamykdaunen.cz\/wp-content\/uploads\/2023\/04\/cert_GRS_2023-04_EN-page-001-800x1132.jpg 800w, https:\/\/kamykdaunen.cz\/wp-content\/uploads\/2023\/04\/cert_GRS_2023-04_EN-page-001.jpg 1190w\" sizes=\"(min-width: 2200px) 100vw, (min-width: 928px) 230px, (min-width: 856px) 287px, (min-width: 784px) 383px, (min-width: 712px) 574px, (min-width: 640px) 712px, \" \/><\/a><\/div><\/div><\/div><div class=\"swiper-slide\"><div class=\"fusion-carousel-item-wrapper\"><div class=\"fusion-image-wrapper hover-type-none\"><a data-rel=\"iLightbox[image_carousel_1]\" data-title=\"cert_ISO9001_2022-06_DE-page-001\" aria-label=\"cert_ISO9001_2022-06_DE-page-001\" href=\"https:\/\/kamykdaunen.cz\/wp-content\/uploads\/2022\/06\/cert_ISO9001_2022-06_DE-page-001.jpg\" target=\"_self\"><img decoding=\"async\" width=\"2481\" height=\"3508\" src=\"https:\/\/kamykdaunen.cz\/wp-content\/uploads\/2022\/06\/cert_ISO9001_2022-06_DE-page-001.jpg\" class=\"attachment-full size-full\" alt=\"\" srcset=\"https:\/\/kamykdaunen.cz\/wp-content\/uploads\/2022\/06\/cert_ISO9001_2022-06_DE-page-001-200x283.jpg 200w, https:\/\/kamykdaunen.cz\/wp-content\/uploads\/2022\/06\/cert_ISO9001_2022-06_DE-page-001-400x566.jpg 400w, https:\/\/kamykdaunen.cz\/wp-content\/uploads\/2022\/06\/cert_ISO9001_2022-06_DE-page-001-600x848.jpg 600w, https:\/\/kamykdaunen.cz\/wp-content\/uploads\/2022\/06\/cert_ISO9001_2022-06_DE-page-001-800x1131.jpg 800w, https:\/\/kamykdaunen.cz\/wp-content\/uploads\/2022\/06\/cert_ISO9001_2022-06_DE-page-001-1200x1697.jpg 1200w, https:\/\/kamykdaunen.cz\/wp-content\/uploads\/2022\/06\/cert_ISO9001_2022-06_DE-page-001.jpg 2481w\" sizes=\"(min-width: 2200px) 100vw, (min-width: 928px) 230px, (min-width: 856px) 287px, (min-width: 784px) 383px, (min-width: 712px) 574px, (min-width: 640px) 712px, \" \/><\/a><\/div><\/div><\/div><div class=\"swiper-slide\"><div class=\"fusion-carousel-item-wrapper\"><div class=\"fusion-image-wrapper hover-type-none\"><a data-rel=\"iLightbox[image_carousel_1]\" data-title=\"cert_ISO 28000 EN\" aria-label=\"cert_ISO 28000 EN\" href=\"https:\/\/kamykdaunen.cz\/wp-content\/uploads\/2020\/06\/cert_ISO-28000-EN.jpeg\" target=\"_self\"><img decoding=\"async\" width=\"1653\" height=\"2339\" src=\"https:\/\/kamykdaunen.cz\/wp-content\/uploads\/2020\/06\/cert_ISO-28000-EN.jpeg\" class=\"attachment-full size-full\" alt=\"\" srcset=\"https:\/\/kamykdaunen.cz\/wp-content\/uploads\/2020\/06\/cert_ISO-28000-EN-200x283.jpeg 200w, https:\/\/kamykdaunen.cz\/wp-content\/uploads\/2020\/06\/cert_ISO-28000-EN-400x566.jpeg 400w, https:\/\/kamykdaunen.cz\/wp-content\/uploads\/2020\/06\/cert_ISO-28000-EN-600x849.jpeg 600w, https:\/\/kamykdaunen.cz\/wp-content\/uploads\/2020\/06\/cert_ISO-28000-EN-800x1132.jpeg 800w, https:\/\/kamykdaunen.cz\/wp-content\/uploads\/2020\/06\/cert_ISO-28000-EN-1200x1698.jpeg 1200w, https:\/\/kamykdaunen.cz\/wp-content\/uploads\/2020\/06\/cert_ISO-28000-EN.jpeg 1653w\" sizes=\"(min-width: 2200px) 100vw, (min-width: 928px) 230px, (min-width: 856px) 287px, (min-width: 784px) 383px, (min-width: 712px) 574px, (min-width: 640px) 712px, \" \/><\/a><\/div><\/div><\/div><div class=\"swiper-slide\"><div class=\"fusion-carousel-item-wrapper\"><div class=\"fusion-image-wrapper hover-type-none\"><a data-rel=\"iLightbox[image_carousel_1]\" data-title=\"cert_NOMITE_2023-04_DE-page-001\" aria-label=\"cert_NOMITE_2023-04_DE-page-001\" href=\"https:\/\/kamykdaunen.cz\/wp-content\/uploads\/2023\/04\/cert_NOMITE_2023-04_DE-page-001.jpg\" target=\"_self\"><img decoding=\"async\" width=\"1190\" height=\"1682\" src=\"https:\/\/kamykdaunen.cz\/wp-content\/uploads\/2023\/04\/cert_NOMITE_2023-04_DE-page-001.jpg\" class=\"attachment-full size-full\" alt=\"\" srcset=\"https:\/\/kamykdaunen.cz\/wp-content\/uploads\/2023\/04\/cert_NOMITE_2023-04_DE-page-001-200x283.jpg 200w, https:\/\/kamykdaunen.cz\/wp-content\/uploads\/2023\/04\/cert_NOMITE_2023-04_DE-page-001-400x565.jpg 400w, https:\/\/kamykdaunen.cz\/wp-content\/uploads\/2023\/04\/cert_NOMITE_2023-04_DE-page-001-600x848.jpg 600w, https:\/\/kamykdaunen.cz\/wp-content\/uploads\/2023\/04\/cert_NOMITE_2023-04_DE-page-001-800x1131.jpg 800w, https:\/\/kamykdaunen.cz\/wp-content\/uploads\/2023\/04\/cert_NOMITE_2023-04_DE-page-001.jpg 1190w\" sizes=\"(min-width: 2200px) 100vw, (min-width: 928px) 230px, (min-width: 856px) 287px, (min-width: 784px) 383px, (min-width: 712px) 574px, (min-width: 640px) 712px, \" \/><\/a><\/div><\/div><\/div><div class=\"swiper-slide\"><div class=\"fusion-carousel-item-wrapper\"><div class=\"fusion-image-wrapper hover-type-none\"><a data-rel=\"iLightbox[image_carousel_1]\" data-title=\"cert_OEKOTEX_2023-04_DE-page-001\" aria-label=\"cert_OEKOTEX_2023-04_DE-page-001\" href=\"https:\/\/kamykdaunen.cz\/wp-content\/uploads\/2023\/04\/cert_OEKOTEX_2023-04_DE-page-001.jpg\" target=\"_self\"><img decoding=\"async\" width=\"1190\" height=\"1684\" src=\"https:\/\/kamykdaunen.cz\/wp-content\/uploads\/2023\/04\/cert_OEKOTEX_2023-04_DE-page-001.jpg\" class=\"attachment-full size-full\" alt=\"\" srcset=\"https:\/\/kamykdaunen.cz\/wp-content\/uploads\/2023\/04\/cert_OEKOTEX_2023-04_DE-page-001-200x283.jpg 200w, https:\/\/kamykdaunen.cz\/wp-content\/uploads\/2023\/04\/cert_OEKOTEX_2023-04_DE-page-001-400x566.jpg 400w, https:\/\/kamykdaunen.cz\/wp-content\/uploads\/2023\/04\/cert_OEKOTEX_2023-04_DE-page-001-600x849.jpg 600w, https:\/\/kamykdaunen.cz\/wp-content\/uploads\/2023\/04\/cert_OEKOTEX_2023-04_DE-page-001-800x1132.jpg 800w, https:\/\/kamykdaunen.cz\/wp-content\/uploads\/2023\/04\/cert_OEKOTEX_2023-04_DE-page-001.jpg 1190w\" sizes=\"(min-width: 2200px) 100vw, (min-width: 928px) 230px, (min-width: 856px) 287px, (min-width: 784px) 383px, (min-width: 712px) 574px, (min-width: 640px) 712px, \" \/><\/a><\/div><\/div><\/div><div class=\"swiper-slide\"><div class=\"fusion-carousel-item-wrapper\"><div class=\"fusion-image-wrapper hover-type-none\"><a data-rel=\"iLightbox[image_carousel_1]\" data-title=\"cert_RDS_2023-04_EN-page-001\" aria-label=\"cert_RDS_2023-04_EN-page-001\" href=\"https:\/\/kamykdaunen.cz\/wp-content\/uploads\/2023\/04\/cert_RDS_2023-04_EN-page-001.jpg\" target=\"_self\"><img decoding=\"async\" width=\"1190\" height=\"1684\" src=\"https:\/\/kamykdaunen.cz\/wp-content\/uploads\/2023\/04\/cert_RDS_2023-04_EN-page-001.jpg\" class=\"attachment-full size-full\" alt=\"\" srcset=\"https:\/\/kamykdaunen.cz\/wp-content\/uploads\/2023\/04\/cert_RDS_2023-04_EN-page-001-200x283.jpg 200w, https:\/\/kamykdaunen.cz\/wp-content\/uploads\/2023\/04\/cert_RDS_2023-04_EN-page-001-400x566.jpg 400w, https:\/\/kamykdaunen.cz\/wp-content\/uploads\/2023\/04\/cert_RDS_2023-04_EN-page-001-600x849.jpg 600w, https:\/\/kamykdaunen.cz\/wp-content\/uploads\/2023\/04\/cert_RDS_2023-04_EN-page-001-800x1132.jpg 800w, https:\/\/kamykdaunen.cz\/wp-content\/uploads\/2023\/04\/cert_RDS_2023-04_EN-page-001.jpg 1190w\" sizes=\"(min-width: 2200px) 100vw, (min-width: 928px) 230px, (min-width: 856px) 287px, (min-width: 784px) 383px, (min-width: 712px) 574px, (min-width: 640px) 712px, \" \/><\/a><\/div><\/div><\/div><\/div><div class=\"awb-swiper-button awb-swiper-button-prev\"><i class=\"awb-icon-angle-left\" aria-hidden=\"true\"><\/i><\/div><div class=\"awb-swiper-button awb-swiper-button-next\"><i class=\"awb-icon-angle-right\" aria-hidden=\"true\"><\/i><\/div><\/div><\/div><\/div><\/div><\/div><\/div>\n","protected":false},"excerpt":{"rendered":"","protected":false},"author":1,"featured_media":0,"parent":0,"menu_order":0,"comment_status":"closed","ping_status":"closed","template":"","meta":{"inline_featured_image":false,"footnotes":""},"_links":{"self":[{"href":"https:\/\/kamykdaunen.cz\/de\/wp-json\/wp\/v2\/pages\/302"}],"collection":[{"href":"https:\/\/kamykdaunen.cz\/de\/wp-json\/wp\/v2\/pages"}],"about":[{"href":"https:\/\/kamykdaunen.cz\/de\/wp-json\/wp\/v2\/types\/page"}],"author":[{"embeddable":true,"href":"https:\/\/kamykdaunen.cz\/de\/wp-json\/wp\/v2\/users\/1"}],"replies":[{"embeddable":true,"href":"https:\/\/kamykdaunen.cz\/de\/wp-json\/wp\/v2\/comments?post=302"}],"version-history":[{"count":15,"href":"https:\/\/kamykdaunen.cz\/de\/wp-json\/wp\/v2\/pages\/302\/revisions"}],"predecessor-version":[{"id":1070,"href":"https:\/\/kamykdaunen.cz\/de\/wp-json\/wp\/v2\/pages\/302\/revisions\/1070"}],"wp:attachment":[{"href":"https:\/\/kamykdaunen.cz\/de\/wp-json\/wp\/v2\/media?parent=302"}],"curies":[{"name":"wp","href":"https:\/\/api.w.org\/{rel}","templated":true}]}}