{"id":304,"date":"2018-06-18T09:34:06","date_gmt":"2018-06-18T07:34:06","guid":{"rendered":"http:\/\/kamykdaunen.cz\/?page_id=304"},"modified":"2018-08-17T10:32:32","modified_gmt":"2018-08-17T08:32:32","slug":"ueber-uns","status":"publish","type":"page","link":"https:\/\/kamykdaunen.cz\/de\/ueber-uns\/","title":{"rendered":"\u00dcber uns"},"content":{"rendered":"<p><div class=\"fusion-fullwidth fullwidth-box fusion-builder-row-1 fusion-flex-container hundred-percent-fullwidth non-hundred-percent-height-scrolling\" style=\"--awb-background-position:left top;--awb-border-radius-top-left:0px;--awb-border-radius-top-right:0px;--awb-border-radius-bottom-right:0px;--awb-border-radius-bottom-left:0px;--awb-padding-top:50px;--awb-padding-right:0px;--awb-padding-bottom:50px;--awb-padding-left:0px;--awb-margin-top:0px;--awb-margin-bottom:0px;--awb-border-sizes-top:0px;--awb-border-sizes-bottom:0px;--awb-flex-wrap:wrap;\" ><div class=\"fusion-builder-row fusion-row fusion-flex-align-items-stretch fusion-flex-content-wrap\" style=\"width:calc( 100% + 0px ) !important;max-width:calc( 100% + 0px ) !important;margin-left: calc(-0px \/ 2 );margin-right: calc(-0px \/ 2 );\"><div class=\"fusion-layout-column fusion_builder_column fusion-builder-column-0 fusion_builder_column_1_6 1_6 fusion-flex-column mezera fusion-no-small-visibility fusion-no-medium-visibility\" style=\"--awb-padding-right:10%;--awb-padding-bottom:60px;--awb-padding-left:10%;--awb-bg-size:cover;--awb-width-large:16.666666666667%;--awb-margin-top-large:0px;--awb-spacing-right-large:0px;--awb-margin-bottom-large:0px;--awb-spacing-left-large:0px;--awb-width-medium:16.666666666667%;--awb-spacing-right-medium:0px;--awb-spacing-left-medium:0px;--awb-width-small:100%;--awb-spacing-right-small:0px;--awb-spacing-left-small:0px;\"><div class=\"fusion-column-wrapper fusion-flex-justify-content-center fusion-content-layout-column\"><\/div><\/div><div class=\"fusion-layout-column fusion_builder_column fusion-builder-column-1 fusion_builder_column_1_3 1_3 fusion-flex-column\" style=\"--awb-padding-right:10%;--awb-padding-bottom:60px;--awb-padding-left:10%;--awb-bg-size:cover;--awb-width-large:33.333333333333%;--awb-margin-top-large:0px;--awb-spacing-right-large:0px;--awb-margin-bottom-large:0px;--awb-spacing-left-large:0px;--awb-width-medium:33.333333333333%;--awb-spacing-right-medium:0px;--awb-spacing-left-medium:0px;--awb-width-small:100%;--awb-spacing-right-small:0px;--awb-spacing-left-small:0px;\"><div class=\"fusion-column-wrapper fusion-flex-justify-content-center fusion-content-layout-column\"><div class=\"fusion-text fusion-text-1\"><h1><span style=\"color: #002f5c;\">\u00dcBER KAM\u00ddK DAUNEN<\/span><\/h1>\n<\/div><div class=\"fusion-separator\" style=\"align-self: flex-start;margin-right:auto;margin-top:0px;margin-bottom:40px;width:100%;max-width:200px;\"><div class=\"fusion-separator-border sep-single sep-solid\" style=\"--awb-height:20px;--awb-amount:20px;--awb-sep-color:#002f5c;border-color:#002f5c;border-top-width:2px;\"><\/div><\/div><div class=\"fusion-text fusion-text-2\"><p><span lang=\"de-DE\">Die Gesellschaft <strong>KamykDaunen s.r.o.<\/strong> wurde 1998 als eine Nachfolgefirma der Gesellschaft <strong>\u010cesk\u00e9 Pe\u0159\u00ed s.p.<\/strong> gegr\u00fcndet. 2001 ist es zur Eingliederung der Firma WillyManteuffel, eines traditionellen Herstellers der Bettbez\u00fcge und Bettw\u00e4sche seit 1858 gekommen. 2003 wurde dann ein anderer bekannter und traditioneller Hersteller der Bettw\u00e4sche Cannstater eingegliedert, der 1884 gegr\u00fcndet wurde und von den Familien Hanauer und Rothshild besitzt wurde. Nachfolgend hat sich die Firma Kam\u00fdk Daunen in ein <strong>komplexer und modernen Daunenverarbeiter<\/strong> und Hersteller eines bunten <strong>Portfolios von Decken und Kissen der h\u00f6chsten Qualit\u00e4t<\/strong> entwickelt. <\/span><\/p>\n<\/div><div class=\"fusion-separator fusion-full-width-sep\" style=\"align-self: center;margin-left: auto;margin-right: auto;margin-top:15px;width:100%;\"><\/div><\/div><\/div><div class=\"fusion-layout-column fusion_builder_column fusion-builder-column-2 fusion_builder_column_1_2 1_2 fusion-flex-column fusion-no-medium-visibility\" style=\"--awb-padding-top:80px;--awb-padding-bottom:100px;--awb-bg-color:#000000;--awb-bg-color-hover:#000000;--awb-bg-image:url(&#039;http:\/\/kamykdaunen.cz\/wp-content\/uploads\/2018\/03\/pillow.jpg&#039;);--awb-bg-position:left center;--awb-bg-size:cover;--awb-width-large:50%;--awb-margin-top-large:2px;--awb-spacing-right-large:0px;--awb-margin-bottom-large:0px;--awb-spacing-left-large:0px;--awb-width-medium:50%;--awb-spacing-right-medium:0px;--awb-spacing-left-medium:0px;--awb-width-small:100%;--awb-spacing-right-small:0px;--awb-spacing-left-small:0px;\"><div class=\"fusion-column-wrapper fusion-flex-justify-content-center fusion-content-layout-column fusion-empty-column-bg-image fusion-column-has-bg-image\" data-bg-url=\"http:\/\/kamykdaunen.cz\/wp-content\/uploads\/2018\/03\/pillow.jpg\"><img decoding=\"async\" class=\"fusion-empty-dims-img-placeholder fusion-no-large-visibility fusion-no-medium-visibility\" src=\"data:image\/gif;base64,R0lGODlhAQABAAAAACH5BAEKAAEALAAAAAABAAEAAAICTAEAOw==\"><\/div><\/div><\/div><\/div><div class=\"fusion-fullwidth fullwidth-box fusion-builder-row-2 fusion-flex-container hundred-percent-fullwidth non-hundred-percent-height-scrolling fusion-no-small-visibility\" style=\"--awb-background-position:left top;--awb-border-radius-top-left:0px;--awb-border-radius-top-right:0px;--awb-border-radius-bottom-right:0px;--awb-border-radius-bottom-left:0px;--awb-padding-top:50px;--awb-padding-right:0px;--awb-padding-bottom:50px;--awb-padding-left:0px;--awb-margin-top:0px;--awb-margin-bottom:0px;--awb-border-sizes-top:0px;--awb-border-sizes-bottom:0px;--awb-flex-wrap:wrap;\" ><div class=\"fusion-builder-row fusion-row fusion-flex-align-items-stretch fusion-flex-content-wrap\" style=\"width:calc( 100% + 0px ) !important;max-width:calc( 100% + 0px ) !important;margin-left: calc(-0px \/ 2 );margin-right: calc(-0px \/ 2 );\"><div class=\"fusion-layout-column fusion_builder_column fusion-builder-column-3 fusion_builder_column_1_2 1_2 fusion-flex-column fusion-no-medium-visibility\" style=\"--awb-padding-top:80px;--awb-padding-bottom:100px;--awb-bg-color:#000000;--awb-bg-color-hover:#000000;--awb-bg-image:url(&#039;http:\/\/kamykdaunen.cz\/wp-content\/uploads\/2018\/03\/7419.jpg&#039;);--awb-bg-position:left center;--awb-bg-size:cover;--awb-width-large:50%;--awb-margin-top-large:2px;--awb-spacing-right-large:0px;--awb-margin-bottom-large:0px;--awb-spacing-left-large:0px;--awb-width-medium:50%;--awb-spacing-right-medium:0px;--awb-spacing-left-medium:0px;--awb-width-small:100%;--awb-spacing-right-small:0px;--awb-spacing-left-small:0px;\"><div class=\"fusion-column-wrapper fusion-flex-justify-content-center fusion-content-layout-column fusion-empty-column-bg-image fusion-column-has-bg-image\" data-bg-url=\"http:\/\/kamykdaunen.cz\/wp-content\/uploads\/2018\/03\/7419.jpg\"><img decoding=\"async\" class=\"fusion-empty-dims-img-placeholder fusion-no-large-visibility fusion-no-medium-visibility\" src=\"data:image\/gif;base64,R0lGODlhAQABAAAAACH5BAEKAAEALAAAAAABAAEAAAICTAEAOw==\"><\/div><\/div><div class=\"fusion-layout-column fusion_builder_column fusion-builder-column-4 fusion_builder_column_1_3 1_3 fusion-flex-column\" style=\"--awb-padding-right:10%;--awb-padding-bottom:60px;--awb-padding-left:10%;--awb-bg-size:cover;--awb-width-large:33.333333333333%;--awb-margin-top-large:20px;--awb-spacing-right-large:0px;--awb-margin-bottom-large:20px;--awb-spacing-left-large:0px;--awb-width-medium:33.333333333333%;--awb-spacing-right-medium:0px;--awb-spacing-left-medium:0px;--awb-width-small:100%;--awb-spacing-right-small:0px;--awb-spacing-left-small:0px;\"><div class=\"fusion-column-wrapper fusion-flex-justify-content-center fusion-content-layout-column\"><div class=\"fusion-text fusion-text-3\"><p>Die Firma Kam\u00fdk Daunen s.r.o. ist zur Zeit ein Teil der chinesischen <strong>Familienfirma LiuQiao<\/strong>, des f\u00fchrenden Weltdaunen-, Daunenverarbeiters und Herstellers der Bettw\u00e4sche.<br \/>\nWir sind spezifisch f\u00fcr unsere Komplexit\u00e4t in Form <strong>unserer eigenen Prozesse von Feder- und Daunenverarbeitung bis zur Herstellung von fertigen Kissen und Decken<\/strong>.<br \/>\nWir haben eine gut entwickelte Lieferkette von Federn nicht nur aus B\u00f6hmen und Europa, sondern auch aus allen anderen Teilen der Welt. Federn und Daunen werden aufgrund der aktuellen Beurteilung der <strong>besten Qualit\u00e4t f\u00fcr den g\u00fcnstigsten Preis<\/strong> ausgekauft. Diesen Rohstoff verarbeiten wir mit Betonung der Einhaltung der strengen europ\u00e4ischen und internationalen Standards. Alle Federn werden gereinigt und getrocknet, um absolute Sterilit\u00e4t zu gew\u00e4hrleisten.<\/p>\n<\/div><\/div><\/div><div class=\"fusion-layout-column fusion_builder_column fusion-builder-column-5 fusion_builder_column_1_6 1_6 fusion-flex-column mezera fusion-no-small-visibility fusion-no-medium-visibility\" style=\"--awb-padding-right:10%;--awb-padding-bottom:60px;--awb-padding-left:10%;--awb-bg-size:cover;--awb-width-large:16.666666666667%;--awb-margin-top-large:0px;--awb-spacing-right-large:0px;--awb-margin-bottom-large:0px;--awb-spacing-left-large:0px;--awb-width-medium:16.666666666667%;--awb-spacing-right-medium:0px;--awb-spacing-left-medium:0px;--awb-width-small:100%;--awb-spacing-right-small:0px;--awb-spacing-left-small:0px;\"><div class=\"fusion-column-wrapper fusion-flex-justify-content-center fusion-content-layout-column\"><\/div><\/div><\/div><\/div><div class=\"fusion-fullwidth fullwidth-box fusion-builder-row-3 fusion-flex-container hundred-percent-fullwidth non-hundred-percent-height-scrolling fusion-no-medium-visibility fusion-no-large-visibility\" style=\"--awb-background-position:left top;--awb-border-radius-top-left:0px;--awb-border-radius-top-right:0px;--awb-border-radius-bottom-right:0px;--awb-border-radius-bottom-left:0px;--awb-padding-top:50px;--awb-padding-right:0px;--awb-padding-bottom:50px;--awb-padding-left:0px;--awb-margin-top:0px;--awb-margin-bottom:0px;--awb-border-sizes-top:0px;--awb-border-sizes-bottom:0px;--awb-flex-wrap:wrap;\" ><div class=\"fusion-builder-row fusion-row fusion-flex-align-items-stretch fusion-flex-content-wrap\" style=\"width:calc( 100% + 0px ) !important;max-width:calc( 100% + 0px ) !important;margin-left: calc(-0px \/ 2 );margin-right: calc(-0px \/ 2 );\"><div class=\"fusion-layout-column fusion_builder_column fusion-builder-column-6 fusion_builder_column_1_6 1_6 fusion-flex-column mezera fusion-no-small-visibility fusion-no-medium-visibility\" style=\"--awb-padding-right:10%;--awb-padding-bottom:60px;--awb-padding-left:10%;--awb-bg-size:cover;--awb-width-large:16.666666666667%;--awb-margin-top-large:0px;--awb-spacing-right-large:0px;--awb-margin-bottom-large:0px;--awb-spacing-left-large:0px;--awb-width-medium:16.666666666667%;--awb-spacing-right-medium:0px;--awb-spacing-left-medium:0px;--awb-width-small:100%;--awb-spacing-right-small:0px;--awb-spacing-left-small:0px;\"><div class=\"fusion-column-wrapper fusion-flex-justify-content-center fusion-content-layout-column\"><\/div><\/div><div class=\"fusion-layout-column fusion_builder_column fusion-builder-column-7 fusion_builder_column_1_3 1_3 fusion-flex-column\" style=\"--awb-padding-right:10%;--awb-padding-bottom:60px;--awb-padding-left:10%;--awb-bg-size:cover;--awb-width-large:33.333333333333%;--awb-margin-top-large:20px;--awb-spacing-right-large:0px;--awb-margin-bottom-large:20px;--awb-spacing-left-large:0px;--awb-width-medium:33.333333333333%;--awb-spacing-right-medium:0px;--awb-spacing-left-medium:0px;--awb-width-small:100%;--awb-spacing-right-small:0px;--awb-spacing-left-small:0px;\"><div class=\"fusion-column-wrapper fusion-flex-justify-content-center fusion-content-layout-column\"><div class=\"fusion-text fusion-text-4\"><p>Die Firma Kam\u00fdk Daunen s.r.o. ist zur Zeit ein Teil der chinesischen <strong>Familienfirma LiuQiao<\/strong>, des f\u00fchrenden Weltdaunen-, Daunenverarbeiters und Herstellers der Bettw\u00e4sche.<br \/>\nWir sind spezifisch f\u00fcr unsere Komplexit\u00e4t in Form <strong>unserer eigenen Prozesse von Feder- und Daunenverarbeitung bis zur Herstellung von fertigen Kissen und Decken<\/strong>.<br \/>\nWir haben eine gut entwickelte Lieferkette von Federn nicht nur aus B\u00f6hmen und Europa, sondern auch aus allen anderen Teilen der Welt. Federn und Daunen werden aufgrund der aktuellen Beurteilung der <strong>besten Qualit\u00e4t f\u00fcr den g\u00fcnstigsten Preis<\/strong> ausgekauft. Diesen Rohstoff verarbeiten wir mit Betonung der Einhaltung der strengen europ\u00e4ischen und internationalen Standards. Alle Federn werden gereinigt und getrocknet, um absolute Sterilit\u00e4t zu gew\u00e4hrleisten.<\/p>\n<\/div><\/div><\/div><div class=\"fusion-layout-column fusion_builder_column fusion-builder-column-8 fusion_builder_column_1_2 1_2 fusion-flex-column fusion-no-medium-visibility\" style=\"--awb-padding-top:80px;--awb-padding-bottom:100px;--awb-bg-color:#000000;--awb-bg-color-hover:#000000;--awb-bg-image:url(&#039;http:\/\/kamykdaunen.cz\/wp-content\/uploads\/2018\/03\/7419.jpg&#039;);--awb-bg-position:left center;--awb-bg-size:cover;--awb-width-large:50%;--awb-margin-top-large:2px;--awb-spacing-right-large:0px;--awb-margin-bottom-large:0px;--awb-spacing-left-large:0px;--awb-width-medium:50%;--awb-spacing-right-medium:0px;--awb-spacing-left-medium:0px;--awb-width-small:100%;--awb-spacing-right-small:0px;--awb-spacing-left-small:0px;\"><div class=\"fusion-column-wrapper fusion-flex-justify-content-center fusion-content-layout-column fusion-empty-column-bg-image fusion-column-has-bg-image\" data-bg-url=\"http:\/\/kamykdaunen.cz\/wp-content\/uploads\/2018\/03\/7419.jpg\"><img decoding=\"async\" class=\"fusion-empty-dims-img-placeholder fusion-no-large-visibility fusion-no-medium-visibility\" src=\"data:image\/gif;base64,R0lGODlhAQABAAAAACH5BAEKAAEALAAAAAABAAEAAAICTAEAOw==\"><\/div><\/div><\/div><\/div><div class=\"fusion-fullwidth fullwidth-box fusion-builder-row-4 fusion-flex-container hundred-percent-fullwidth non-hundred-percent-height-scrolling\" style=\"--awb-background-position:left top;--awb-border-radius-top-left:0px;--awb-border-radius-top-right:0px;--awb-border-radius-bottom-right:0px;--awb-border-radius-bottom-left:0px;--awb-padding-top:50px;--awb-padding-right:0px;--awb-padding-bottom:50px;--awb-padding-left:0px;--awb-margin-top:0px;--awb-margin-bottom:0px;--awb-border-sizes-top:0px;--awb-border-sizes-bottom:0px;--awb-flex-wrap:wrap;\" ><div class=\"fusion-builder-row fusion-row fusion-flex-align-items-stretch fusion-flex-content-wrap\" style=\"width:calc( 100% + 0px ) !important;max-width:calc( 100% + 0px ) !important;margin-left: calc(-0px \/ 2 );margin-right: calc(-0px \/ 2 );\"><div class=\"fusion-layout-column fusion_builder_column fusion-builder-column-9 fusion_builder_column_1_6 1_6 fusion-flex-column mezera\" style=\"--awb-padding-right:10%;--awb-padding-bottom:60px;--awb-padding-left:10%;--awb-bg-size:cover;--awb-width-large:16.666666666667%;--awb-margin-top-large:0px;--awb-spacing-right-large:0px;--awb-margin-bottom-large:0px;--awb-spacing-left-large:0px;--awb-width-medium:16.666666666667%;--awb-spacing-right-medium:0px;--awb-spacing-left-medium:0px;--awb-width-small:100%;--awb-spacing-right-small:0px;--awb-spacing-left-small:0px;\"><div class=\"fusion-column-wrapper fusion-flex-justify-content-center fusion-content-layout-column\"><\/div><\/div><div class=\"fusion-layout-column fusion_builder_column fusion-builder-column-10 fusion_builder_column_1_3 1_3 fusion-flex-column\" style=\"--awb-padding-right:10%;--awb-padding-bottom:60px;--awb-padding-left:10%;--awb-bg-size:cover;--awb-width-large:33.333333333333%;--awb-margin-top-large:0px;--awb-spacing-right-large:0px;--awb-margin-bottom-large:0px;--awb-spacing-left-large:0px;--awb-width-medium:33.333333333333%;--awb-spacing-right-medium:0px;--awb-spacing-left-medium:0px;--awb-width-small:100%;--awb-spacing-right-small:0px;--awb-spacing-left-small:0px;\"><div class=\"fusion-column-wrapper fusion-flex-justify-content-center fusion-content-layout-column\"><div class=\"fusion-text fusion-text-5\"><p>Die Herstellung von Fertigprodukten unterliegt den Regeln der modernen schlanken Produktion. Wir verwenden nur \u00d6kotex-Qualit\u00e4tsstoffe f\u00fcr die Produktion von Kissen und Bettdecken. Alle unsere Produkte erf\u00fcllen <strong>NOMITE-Standards<\/strong> und sind auch f\u00fcr Allergiker geeignet.<br \/>\nUnsere Firma besitzt die Traumpass-, Downpass-, RDS-, ISO 9001-, NOMITE-, \u00d6kotex-Zertifikate etc. In der Firma finden regelm\u00e4\u00dfig die Kontrollen der Staatlichen Veterin\u00e4rverwaltung statt. Wir arbeiten eng mit den Labors IDFL zusammen. Wir sind ein<strong> Mitglied von EDFA<\/strong> (Europ\u00e4ischer Verband der Daunenhersteller).<br \/>\nWir legen Wert auf <strong>Top-Qualit\u00e4t, g\u00fcnstigen Preis und kurze Lieferzeiten<\/strong>. Unsere Hauptpriorit\u00e4ten umfassen nicht nur den zufriedenen Kunden, sondern auch die kontinuierliche Befestigung der Beziehungen mit Lieferanten und nat\u00fcrlich zufriedene Mitarbeiter, die zu der besten Leistung motiviert sind. Als Schl\u00fcssel zum Erfolg betrachten wir die<strong> permanente, kontinuierliche Verbesserung aller Aktivit\u00e4ten<\/strong> und die F\u00e4higkeit, die damit verbundenen Ver\u00e4nderungen effektiv zu steuern.<\/p>\n<\/div><div class=\"fusion-separator fusion-full-width-sep\" style=\"align-self: center;margin-left: auto;margin-right: auto;margin-top:15px;width:100%;\"><\/div><\/div><\/div><div class=\"fusion-layout-column fusion_builder_column fusion-builder-column-11 fusion_builder_column_2_5 2_5 fusion-flex-column fusion-no-medium-visibility\" style=\"--awb-padding-top:70px;--awb-padding-bottom:100px;--awb-bg-position:left center;--awb-bg-size:cover;--awb-width-large:40%;--awb-margin-top-large:2px;--awb-spacing-right-large:0px;--awb-margin-bottom-large:0px;--awb-spacing-left-large:0px;--awb-width-medium:40%;--awb-spacing-right-medium:0px;--awb-spacing-left-medium:0px;--awb-width-small:100%;--awb-spacing-right-small:0px;--awb-spacing-left-small:0px;\"><div class=\"fusion-column-wrapper fusion-flex-justify-content-center fusion-content-layout-column\"><div class=\"fusion-image-carousel fusion-image-carousel-auto fusion-image-carousel-1 fusion-carousel-border\"><div class=\"awb-carousel awb-swiper awb-swiper-carousel\" data-autoplay=\"yes\" data-columns=\"1\" data-itemmargin=\"13\" data-itemwidth=\"180\" data-touchscroll=\"no\" data-imagesize=\"auto\" style=\"--awb-columns:1;\"><div class=\"swiper-wrapper awb-image-carousel-wrapper fusion-flex-align-items-center\"><div class=\"swiper-slide\"><div class=\"fusion-carousel-item-wrapper\"><div class=\"fusion-image-wrapper hover-type-none\"><img decoding=\"async\" src=\"http:\/\/kamykdaunen.cz\/wp-content\/uploads\/2018\/03\/onas1.jpg\" alt=\"\"\/><\/div><\/div><\/div><div class=\"swiper-slide\"><div class=\"fusion-carousel-item-wrapper\"><div class=\"fusion-image-wrapper hover-type-none\"><img decoding=\"async\" src=\"http:\/\/kamykdaunen.cz\/wp-content\/uploads\/2018\/03\/onas2.jpg\" alt=\"\"\/><\/div><\/div><\/div><div class=\"swiper-slide\"><div class=\"fusion-carousel-item-wrapper\"><div class=\"fusion-image-wrapper hover-type-none\"><img decoding=\"async\" src=\"http:\/\/kamykdaunen.cz\/wp-content\/uploads\/2018\/03\/onas3.jpg\" alt=\"\"\/><\/div><\/div><\/div><\/div><\/div><\/div><\/div><\/div><\/div><\/div><\/p>\n","protected":false},"excerpt":{"rendered":"","protected":false},"author":1,"featured_media":0,"parent":0,"menu_order":0,"comment_status":"closed","ping_status":"closed","template":"100-width.php","meta":{"inline_featured_image":false,"footnotes":""},"_links":{"self":[{"href":"https:\/\/kamykdaunen.cz\/de\/wp-json\/wp\/v2\/pages\/304"}],"collection":[{"href":"https:\/\/kamykdaunen.cz\/de\/wp-json\/wp\/v2\/pages"}],"about":[{"href":"https:\/\/kamykdaunen.cz\/de\/wp-json\/wp\/v2\/types\/page"}],"author":[{"embeddable":true,"href":"https:\/\/kamykdaunen.cz\/de\/wp-json\/wp\/v2\/users\/1"}],"replies":[{"embeddable":true,"href":"https:\/\/kamykdaunen.cz\/de\/wp-json\/wp\/v2\/comments?post=304"}],"version-history":[{"count":8,"href":"https:\/\/kamykdaunen.cz\/de\/wp-json\/wp\/v2\/pages\/304\/revisions"}],"predecessor-version":[{"id":906,"href":"https:\/\/kamykdaunen.cz\/de\/wp-json\/wp\/v2\/pages\/304\/revisions\/906"}],"wp:attachment":[{"href":"https:\/\/kamykdaunen.cz\/de\/wp-json\/wp\/v2\/media?parent=304"}],"curies":[{"name":"wp","href":"https:\/\/api.w.org\/{rel}","templated":true}]}}