{"id":308,"date":"2018-06-18T09:36:13","date_gmt":"2018-06-18T07:36:13","guid":{"rendered":"http:\/\/kamykdaunen.cz\/?page_id=308"},"modified":"2022-06-15T08:35:40","modified_gmt":"2022-06-15T06:35:40","slug":"interessen","status":"publish","type":"page","link":"https:\/\/kamykdaunen.cz\/de\/interessen\/","title":{"rendered":"Interessanten"},"content":{"rendered":"<p><div class=\"fusion-fullwidth fullwidth-box fusion-builder-row-1 fusion-flex-container nonhundred-percent-fullwidth non-hundred-percent-height-scrolling\" style=\"--awb-border-radius-top-left:0px;--awb-border-radius-top-right:0px;--awb-border-radius-bottom-right:0px;--awb-border-radius-bottom-left:0px;--awb-flex-wrap:wrap;\" ><div class=\"fusion-builder-row fusion-row fusion-flex-align-items-flex-start fusion-flex-content-wrap\" style=\"max-width:calc( 1200px + 0px );margin-left: calc(-0px \/ 2 );margin-right: calc(-0px \/ 2 );\"><div class=\"fusion-layout-column fusion_builder_column fusion-builder-column-0 fusion_builder_column_1_1 1_1 fusion-flex-column\" style=\"--awb-bg-size:cover;--awb-width-large:100%;--awb-margin-top-large:0px;--awb-spacing-right-large:0px;--awb-margin-bottom-large:20px;--awb-spacing-left-large:0px;--awb-width-medium:100%;--awb-spacing-right-medium:0px;--awb-spacing-left-medium:0px;--awb-width-small:100%;--awb-spacing-right-small:0px;--awb-spacing-left-small:0px;\"><div class=\"fusion-column-wrapper fusion-flex-justify-content-flex-start fusion-content-layout-column\"><div class=\"fusion-title title fusion-title-1 sep-underline sep-solid fusion-title-center fusion-title-text fusion-title-size-one\" style=\"--awb-sep-color:#002f5c;\"><h1 class=\"fusion-title-heading title-heading-center fusion-responsive-typography-calculated\" style=\"margin:0;--fontSize:50;line-height:1.4;\">INTERESSANTEN<\/h1><\/div><div class=\"fusion-tabs fusion-tabs-1 classic nav-is-justified tab horizontal-tabs icon-position-left mobile-mode-accordion\" style=\"--awb-title-border-radius-top-left:0px;--awb-title-border-radius-top-right:0px;--awb-title-border-radius-bottom-right:0px;--awb-title-border-radius-bottom-left:0px;--awb-inactive-color:#ebeaea;--awb-background-color:#ffffff;--awb-border-color:#ebeaea;--awb-active-border-color:#002f5c;\"><div class=\"nav\"><ul class=\"nav-tabs nav-justified\" role=\"tablist\"><li class=\"active\" role=\"presentation\"><a class=\"tab-link\" data-toggle=\"tab\" role=\"tab\" aria-controls=\"tab-d5a3a49961497e44bb2\" aria-selected=\"true\" id=\"fusion-tab-wartungshinweise\" href=\"#tab-d5a3a49961497e44bb2\"><h4 class=\"fusion-tab-heading\">Wartungshinweise <\/h4><\/a><\/li><li role=\"presentation\"><a class=\"tab-link\" data-toggle=\"tab\" role=\"tab\" aria-controls=\"tab-00484077228f13687e1\" aria-selected=\"false\" tabindex=\"-1\" id=\"fusion-tab-wiesollmandierichtigedeckenausw\u00e4hlen?\" href=\"#tab-00484077228f13687e1\"><h4 class=\"fusion-tab-heading\">Wie soll man die richtige Decken ausw\u00e4hlen?<\/h4><\/a><\/li><li role=\"presentation\"><a class=\"tab-link\" data-toggle=\"tab\" role=\"tab\" aria-controls=\"tab-a3d9352fa2cdc72d447\" aria-selected=\"false\" tabindex=\"-1\" id=\"fusion-tab-daunenbettw\u00e4sche\" href=\"#tab-a3d9352fa2cdc72d447\"><h4 class=\"fusion-tab-heading\">Daunenbettw\u00e4sche<\/h4><\/a><\/li><\/ul><\/div><div class=\"tab-content\"><div class=\"nav fusion-mobile-tab-nav\"><ul class=\"nav-tabs nav-justified\" role=\"tablist\"><li class=\"active\" role=\"presentation\"><a class=\"tab-link\" data-toggle=\"tab\" role=\"tab\" aria-controls=\"tab-d5a3a49961497e44bb2\" aria-selected=\"true\" id=\"mobile-fusion-tab-wartungshinweise\" href=\"#tab-d5a3a49961497e44bb2\"><h4 class=\"fusion-tab-heading\">Wartungshinweise <\/h4><\/a><\/li><\/ul><\/div><div class=\"tab-pane fade fusion-clearfix in active\" role=\"tabpanel\" tabindex=\"0\" aria-labelledby=\"fusion-tab-wartungshinweise\" id=\"tab-d5a3a49961497e44bb2\">\n<table class=\"table-clear\" border=\"0\">\n<tbody>\n<tr>\n<td><span lang=\"de-DE\"><b>Aufsch\u00fctteln<\/b><\/span><strong style=\"font-family: inherit; font-size: inherit;\">:<\/strong><\/td>\n<td><span lang=\"de-DE\">Die Decken t\u00e4glich sch\u00fctteln \u2013 die F\u00fcllung wird so aufgesch\u00fcttelt und die Decken erreichen die urspr\u00fcngliche Form.<\/span><\/td>\n<\/tr>\n<tr>\n<td><\/td>\n<td><\/td>\n<\/tr>\n<tr>\n<td><span lang=\"de-DE\"><b>Ausluften<\/b><\/span><strong style=\"font-family: inherit; font-size: inherit;\">:<\/strong><\/td>\n<td><span lang=\"de-DE\">Absorbierte K\u00f6rperfeuchtigkeit muss wieder verdunsten. Niemals bei Nebel und nassem oder regnerischem Wetter durchf\u00fchren. <\/span><\/td>\n<\/tr>\n<tr>\n<td><\/td>\n<td><\/td>\n<\/tr>\n<tr>\n<td><span lang=\"de-DE\"><b>Nicht in der Sonne lassen:<\/b><\/span><\/td>\n<td><span lang=\"de-DE\">Direkte Sonneneinstrahlung st\u00f6rt die nat\u00fcrliche Feuchtigkeit von Federn und Daunen, die f\u00fcr die Aufrechterhaltung der Elastizit\u00e4t wichtig ist. <\/span><\/td>\n<\/tr>\n<tr>\n<td><\/td>\n<td><\/td>\n<\/tr>\n<tr>\n<td><span lang=\"de-DE\"><b>Fein reinigen:<\/b><\/span><\/td>\n<td><span lang=\"de-DE\">Mit einer feinen B\u00fcrste bei Bedarfsfall feinen Staub entfernen. <\/span><\/td>\n<\/tr>\n<tr>\n<td><\/td>\n<td><\/td>\n<\/tr>\n<tr>\n<td><span lang=\"de-DE\"><b>Nicht klopfen:<\/b><\/span><\/td>\n<td><span lang=\"de-DE\">Es kann zur Besch\u00e4digung der Decke kommen, die Daunen werden verletzt und die Form der F\u00fcllung wird beeintr\u00e4chtigt.<\/span><\/td>\n<\/tr>\n<tr>\n<td><\/td>\n<td><\/td>\n<\/tr>\n<tr>\n<td><span lang=\"de-DE\"><b>Nicht saugen:<\/b><\/span><\/td>\n<td><span lang=\"de-DE\">Der Staubsauger besch\u00e4digt den Textil, die Leinwand l\u00f6st sich und die Decke wird nicht mehr undurchl\u00e4ssig. Alles vermeiden, was Mehrarbeit verursacht!<\/span><\/td>\n<\/tr>\n<tr>\n<td><\/td>\n<td><\/td>\n<\/tr>\n<tr>\n<td><span lang=\"de-DE\"><b>Waschen:<\/b><\/span><\/td>\n<td><span lang=\"de-DE\">Die Decke zu einer professionellen Daunenreinigung bringen oder in eigener Waschmaschine mit der Mindestkapazit\u00e4t von 7&nbsp;kg mit einem feinen Waschmittel bei der Temperatur von 60\u00b0C waschen.<\/span><\/td>\n<\/tr>\n<tr>\n<td><\/td>\n<td><\/td>\n<\/tr>\n<tr>\n<td><span lang=\"de-DE\"><b>Trocknen<\/b><\/span><strong style=\"font-family: inherit; font-size: inherit;\">:<\/strong><\/td>\n<td><span lang=\"de-DE\">In einem Trockner mit einer Mindestkapazit\u00e4t von 7&nbsp;kg. Acht auf \u00dcbertrocknen geben! Richtiges Trocknen gibt den Daunen die urspr\u00fcngliche Form zur\u00fcck. Wenn die Decke nicht richtig getrocknet wird, kann es zur Entstehung von B\u00fcscheln kommen! Die Instruktionen zu den einzelnen Produkten einhalten!<\/span><\/td>\n<\/tr>\n<tr>\n<td><\/td>\n<td><\/td>\n<\/tr>\n<tr>\n<td><span lang=\"de-DE\"><b>Wartungsregeln<\/b><\/span><strong style=\"font-family: inherit; font-size: inherit;\">:<\/strong><\/td>\n<td><span lang=\"de-DE\">Daunenkissen alle 2 \u2013 3 Jahre reinigen, sp\u00e4testens nach 4 \u2013 5 Jahren erneuern. Daunendecken alle 4 \u2013 5 Jahre reinigen, sp\u00e4testens nach 8 \u2013 10 Jahren erneuern.<\/span><\/td>\n<\/tr>\n<\/tbody>\n<\/table>\n<\/div><div class=\"nav fusion-mobile-tab-nav\"><ul class=\"nav-tabs nav-justified\" role=\"tablist\"><li role=\"presentation\"><a class=\"tab-link\" data-toggle=\"tab\" role=\"tab\" aria-controls=\"tab-00484077228f13687e1\" aria-selected=\"false\" tabindex=\"-1\" id=\"mobile-fusion-tab-wiesollmandierichtigedeckenausw\u00e4hlen?\" href=\"#tab-00484077228f13687e1\"><h4 class=\"fusion-tab-heading\">Wie soll man die richtige Decken ausw\u00e4hlen?<\/h4><\/a><\/li><\/ul><\/div><div class=\"tab-pane fade fusion-clearfix\" role=\"tabpanel\" tabindex=\"0\" aria-labelledby=\"fusion-tab-wiesollmandierichtigedeckenausw\u00e4hlen?\" id=\"tab-00484077228f13687e1\">\n<h3>Unter welcher Decke soll man im Sommer und im Winter schlafen?<\/h3>\n<p>Feder- und Daunendecken sind sowohl im Sommer, als auch im Winter geeignet, dazu kann eine ad\u00e4quate Ebene W\u00e4rmehaltigkeit gew\u00e4hlt werden.<\/p>\n<p><strong>W\u00e4rmehaltigkeit \u2013 Gewicht der F\u00fcllung<\/strong><\/p>\n<table class=\"table-clear\" border=\"0\">\n<tbody>\n<tr>\n<td>leicht, Sommer-:<\/td>\n<td>150g &#8211; 400g<\/td>\n<\/tr>\n<tr>\n<td>leicht&amp;warm, ganzj\u00e4hrig:<\/td>\n<td>300g &#8211; 750g<\/td>\n<\/tr>\n<tr>\n<td>warm, Sommer-:<\/td>\n<td>600g &#8211; 1000g<\/td>\n<\/tr>\n<tr>\n<td>extrawarm:<\/td>\n<td>800g &#8211; 1400g<\/td>\n<\/tr>\n<\/tbody>\n<\/table>\n<h3 id=\"ui-accordion-2-header-0\" class=\"ui-accordion-header ui-helper-reset ui-state-default ui-accordion-icons ui-accordion-header-active ui-state-active ui-corner-top ui-state-focus\" tabindex=\"0\" role=\"tab\" aria-controls=\"ui-accordion-2-panel-0\" aria-selected=\"true\">Auswahl der Decken nach individuellen Bed\u00fcrfnissen und Temperaturtypen<\/h3>\n<ul>\n<li>Schwitzen Sie leicht? Oder schlafen Sie in einem warmen, beheizten Raum (20-25 \u00b0 C)? Wenn Sie diese Fragen positiv beantworten, w\u00e4hlen Sie eine d\u00fcnnere Decke.<\/li>\n<li>Schlafen Sie unabh\u00e4ngig von der Jahreszeit bei relativ konstanter Temperatur (18-20 \u00b0 C)? Haben Sie die durchschnittlichen Temperaturanforderungen f\u00fcr die Decke? In diesem Fall empfehlen wir eine Decke mit mittleren thermischen Eigenschaften.<\/li>\n<li>Erk\u00e4lten Sie sich leicht? Schlafen Sie in einer relativ kalten Umgebung (16-18 \u00b0 C)? Wenn ja, w\u00e4hlen Sie eine warme oder Winterdecke.<\/li>\n<\/ul>\n<h3 id=\"ui-accordion-3-header-0\" class=\"ui-accordion-header ui-helper-reset ui-state-default ui-accordion-icons ui-corner-top ui-state-focus\" tabindex=\"0\" role=\"tab\" aria-controls=\"ui-accordion-3-panel-0\" aria-selected=\"false\">Wie gro\u00df sollte die Decke sein?<\/h3>\n<p>Die sich mit dem Schlaf besch\u00e4ftigenden Wissenschaftler sind mit der Studie gekommen, dass eine idealle Decke, unter der Sie sich perfekt f\u00fchlen, sollte <strong>mindestens um 30 cm (oder 20-25%) gr\u00f6\u00dfer<\/strong> sein als die Gr\u00f6\u00dfe Ihres K\u00f6rpers ist. Unsere F\u00fc\u00dfe sind der am schlimmsten durchblutete K\u00f6rperteil und dazu ragen sie aus der zu kurzer Decke heraus, was eine Ursache eines unruhigen Schlafs ist.<strong> Ein vollwertiger Schlaf<\/strong> ist nur dann garantiert, wenn man sich in dem Bett ausstrecken kann und trotzdem immer unter der angenehm warmen Decke sein kann.<\/p>\n<p>F\u00fcr die Personen mit einer gr\u00f6\u00dferen K\u00f6rpergr\u00f6\u00dfe bieten wir auch Decken mit einer komfortablen Gr\u00f6\u00dfe (135\u00d7220 cm a&nbsp;155\u00d7220 cm), diese Decken bieten zugleich Komfort auch den Personen mit einer \u00fcblichen K\u00f6rpergr\u00f6\u00dfe.<\/p>\n<p>F\u00fcr Paare, die sich zum Beispiel eine Decke teilen m\u00f6chten, haben wir auch eine Variente mit den Abmessungen von 200\u00d7200 cm und 240\u00d7200 cm.<\/p>\n<\/div><div class=\"nav fusion-mobile-tab-nav\"><ul class=\"nav-tabs nav-justified\" role=\"tablist\"><li role=\"presentation\"><a class=\"tab-link\" data-toggle=\"tab\" role=\"tab\" aria-controls=\"tab-a3d9352fa2cdc72d447\" aria-selected=\"false\" tabindex=\"-1\" id=\"mobile-fusion-tab-daunenbettw\u00e4sche\" href=\"#tab-a3d9352fa2cdc72d447\"><h4 class=\"fusion-tab-heading\">Daunenbettw\u00e4sche<\/h4><\/a><\/li><\/ul><\/div><div class=\"tab-pane fade fusion-clearfix\" role=\"tabpanel\" tabindex=\"0\" aria-labelledby=\"fusion-tab-daunenbettw\u00e4sche\" id=\"tab-a3d9352fa2cdc72d447\">\n<h2 id=\"ui-accordion-1-header-0\" class=\"ui-accordion-header ui-helper-reset ui-state-default ui-accordion-icons ui-state-focus ui-corner-all\" tabindex=\"0\" role=\"tab\" aria-controls=\"ui-accordion-1-panel-0\" aria-selected=\"false\">Daunenf\u00fcllungen f\u00fcr einen gesunden Schlaf<\/h2>\n<p>Der Mensch verbringt etwa ein Drittel seines Lebens im Bett. Gesunder und ruhiger Schlaf ist wichtig f\u00fcr ein gl\u00fcckliches Leben; l\u00e4dt uns auf und macht uns gl\u00fccklich.<\/p>\n<p>Au\u00dfergew\u00f6hnliche Dauneneigenschaften sorgen f\u00fcr ein optimales Klima zum Atmen Ihrer Haut und Sie erwachen ganz erholt. Daunendecken absorbieren eine gro\u00dfe Feuchtigkeitsmenge und garantieren so nat\u00fcrliche W\u00e4rmeregulation w\u00e4hrend des Schlafs.<\/p>\n<p>Daunenqualit\u00e4t wird nach der F\u00e4higkeit bestimmt die Luft drinnen zu schlie0en, je mehr, desto besser. Ein weiteres Merkmal der Qualit\u00e4t ist die F\u00e4higkeit der Daunen eine Dauerform zu halten, locker zu bleiben. Je schneller die Bettw\u00e4sche in ihre urspr\u00fcngliche Form zur\u00fcckkehren, desto h\u00f6her die Qualit\u00e4t ist.<\/p>\n<p>Damit Ihre Daunenbettw\u00e4sche immer noch so hochwertig und aufgesch\u00fcttelt sind, sollten Sie sie nicht zu zusammendr\u00fccken. Je hochwertiger die Daunenf\u00fcllung ist, desto leichter die Daunen beim gleichen Volumen sind.<\/p>\n<h2 id=\"ui-accordion-2-header-0\" class=\"ui-accordion-header ui-helper-reset ui-state-default ui-accordion-icons ui-state-focus ui-corner-all\" tabindex=\"0\" role=\"tab\" aria-controls=\"ui-accordion-2-panel-0\" aria-selected=\"false\">Arten der Daunendecken<\/h2>\n<h3>Steppdecke<\/h3>\n<p><img decoding=\"async\" class=\"wp-image-211 alignright\" src=\"http:\/\/kamykdaunen.cz\/wp-content\/uploads\/2018\/05\/prosivana.png\" alt=\"\" width=\"313\" height=\"174\" srcset=\"https:\/\/kamykdaunen.cz\/wp-content\/uploads\/2018\/05\/prosivana-200x111.png 200w, https:\/\/kamykdaunen.cz\/wp-content\/uploads\/2018\/05\/prosivana-300x167.png 300w, https:\/\/kamykdaunen.cz\/wp-content\/uploads\/2018\/05\/prosivana-400x222.png 400w, https:\/\/kamykdaunen.cz\/wp-content\/uploads\/2018\/05\/prosivana.png 580w\" sizes=\"(max-width: 313px) 100vw, 313px\" \/>Steppdecken sind die h\u00e4ufigsten Arten von Decken, sie sind so gen\u00e4ht, dass die Decke aus regelm\u00e4\u00dfigen Quadraten besteht. In den Ecken der Quadrate befindet sich kein F\u00fcller, was eine bessere Luftzirkulation erm\u00f6glicht. Steppdecken mit einer leichten F\u00fcllung sind f\u00fcr die Sommermonate geeignet. Sehr beliebt sind auch sog. Ganzj\u00e4hrige Decken mit der mittelstarken F\u00fcllung. Aufgrund der einfachen Wartung sind diese Decken auch f\u00fcr Hotels geeignet.<\/p>\n<h3><\/h3>\n<h3><\/h3>\n<h3>Kassettendecken<\/h3>\n<p><img decoding=\"async\" class=\" wp-image-212 alignright\" src=\"http:\/\/kamykdaunen.cz\/wp-content\/uploads\/2018\/05\/kazetove.png\" alt=\"\" width=\"306\" height=\"165\" srcset=\"https:\/\/kamykdaunen.cz\/wp-content\/uploads\/2018\/05\/kazetove-200x108.png 200w, https:\/\/kamykdaunen.cz\/wp-content\/uploads\/2018\/05\/kazetove-300x162.png 300w, https:\/\/kamykdaunen.cz\/wp-content\/uploads\/2018\/05\/kazetove-400x216.png 400w, https:\/\/kamykdaunen.cz\/wp-content\/uploads\/2018\/05\/kazetove.png 580w\" sizes=\"(max-width: 306px) 100vw, 306px\" \/>Kassettendecken zeichnen sich durch nahtlose innere dreidimensionale Kammern aus, die je nach F\u00fcllqualit\u00e4t und W\u00e4rme der Decke zwischen 1,5 cm und 10 cm messen. Die meisten Decken werden mit 4 x 6 Kammern mit einer Standardgr\u00f6\u00dfe von 135 x 200 cm hergestellt. Eine solche Verteilung der Decke in die Kammern gew\u00e4hrleistet eine gleichm\u00e4\u00dfige Verteilung der Daunenf\u00fcllung und maximiert somit die Isoliereigenschaften der Decke, die Luftzirkulation und ihre Absorptionsf\u00e4higkeit.<\/p>\n<h3>Dreikammerkissen<img decoding=\"async\" class=\"wp-image-216 alignright\" src=\"http:\/\/kamykdaunen.cz\/wp-content\/uploads\/2018\/05\/3k2.jpg\" alt=\"\" width=\"219\" height=\"219\" srcset=\"https:\/\/kamykdaunen.cz\/wp-content\/uploads\/2018\/05\/3k2-66x66.jpg 66w, https:\/\/kamykdaunen.cz\/wp-content\/uploads\/2018\/05\/3k2-150x150.jpg 150w, https:\/\/kamykdaunen.cz\/wp-content\/uploads\/2018\/05\/3k2-200x200.jpg 200w, https:\/\/kamykdaunen.cz\/wp-content\/uploads\/2018\/05\/3k2-300x300.jpg 300w, https:\/\/kamykdaunen.cz\/wp-content\/uploads\/2018\/05\/3k2-400x400.jpg 400w, https:\/\/kamykdaunen.cz\/wp-content\/uploads\/2018\/05\/3k2-600x600.jpg 600w, https:\/\/kamykdaunen.cz\/wp-content\/uploads\/2018\/05\/3k2-768x768.jpg 768w, https:\/\/kamykdaunen.cz\/wp-content\/uploads\/2018\/05\/3k2-800x800.jpg 800w, https:\/\/kamykdaunen.cz\/wp-content\/uploads\/2018\/05\/3k2-1024x1024.jpg 1024w, https:\/\/kamykdaunen.cz\/wp-content\/uploads\/2018\/05\/3k2-1200x1200.jpg 1200w, https:\/\/kamykdaunen.cz\/wp-content\/uploads\/2018\/05\/3k2.jpg 1500w\" sizes=\"(max-width: 219px) 100vw, 219px\" \/><\/h3>\n<p>Die revolution\u00e4re Konstruktion dieses luxuri\u00f6sen Kissens besteht aus zwei \u00e4u\u00dferen Kammern und einer inneren Kammer. Die innere Kammer ist in der Regel mit Enten- \/ G\u00e4nsefedern gef\u00fcllt, die optimales Volumen und Unterst\u00fctzung gew\u00e4hrleisten. Beide \u00e4u\u00dferen Kammern enthalten Daunen, die f\u00fcr das angenehme Gef\u00fchl der Weichheit, Zartheit, der \u201ewarmen Umarmung\u201c w\u00e4hrend des Schlafs sorgen.<\/p>\n<h3><\/h3>\n<h3><\/h3>\n<h3><\/h3>\n<h3><\/h3>\n<h3><\/h3>\n<h3><\/h3>\n<h3>Einkammerkissen<\/h3>\n<h3><img decoding=\"async\" class=\" wp-image-231 alignright\" src=\"http:\/\/kamykdaunen.cz\/wp-content\/uploads\/2018\/05\/image003.png\" alt=\"\" width=\"243\" height=\"270\" srcset=\"https:\/\/kamykdaunen.cz\/wp-content\/uploads\/2018\/05\/image003-200x222.png 200w, https:\/\/kamykdaunen.cz\/wp-content\/uploads\/2018\/05\/image003-270x300.png 270w, https:\/\/kamykdaunen.cz\/wp-content\/uploads\/2018\/05\/image003.png 398w\" sizes=\"(max-width: 243px) 100vw, 243px\" \/><\/h3>\n<p>Unsere Einkammerkissen bieten perfekte Kopfunterst\u00fctzung w\u00e4hrend des Schlafs, die sich die Form bew\u00e4hrt, und werden in der Regel mit Enten-\/G\u00e4nsedaunen gef\u00fcllt. Diese Produkte sind besonders interessant zu einem sehr erschwinglichen Preis.<\/p>\n<p><span style=\"color: #ffffff;\">.<\/span><\/p>\n<\/div><\/div><\/div><div class=\"fusion-separator fusion-full-width-sep\" style=\"align-self: center;margin-left: auto;margin-right: auto;width:100%;\"><div class=\"fusion-separator-border sep-double\" style=\"--awb-height:20px;--awb-amount:20px;border-color:#e0dede;border-top-width:1px;border-bottom-width:1px;\"><\/div><\/div><\/div><\/div><\/div><\/div><div class=\"fusion-fullwidth fullwidth-box fusion-builder-row-2 fusion-flex-container nonhundred-percent-fullwidth non-hundred-percent-height-scrolling\" style=\"--awb-border-radius-top-left:0px;--awb-border-radius-top-right:0px;--awb-border-radius-bottom-right:0px;--awb-border-radius-bottom-left:0px;--awb-flex-wrap:wrap;\" ><div class=\"fusion-builder-row fusion-row fusion-flex-align-items-flex-start fusion-flex-content-wrap\" style=\"max-width:1248px;margin-left: calc(-4% \/ 2 );margin-right: calc(-4% \/ 2 );\"><div class=\"fusion-layout-column fusion_builder_column fusion-builder-column-1 fusion_builder_column_1_3 1_3 fusion-flex-column\" style=\"--awb-bg-size:cover;--awb-width-large:33.333333333333%;--awb-margin-top-large:0px;--awb-spacing-right-large:5.76%;--awb-margin-bottom-large:20px;--awb-spacing-left-large:5.76%;--awb-width-medium:33.333333333333%;--awb-spacing-right-medium:5.76%;--awb-spacing-left-medium:5.76%;--awb-width-small:100%;--awb-spacing-right-small:1.92%;--awb-spacing-left-small:1.92%;\"><div class=\"fusion-column-wrapper fusion-column-has-shadow fusion-flex-justify-content-flex-start fusion-content-layout-column\"><div class=\"fusion-title title fusion-title-2 fusion-title-text fusion-title-size-one\"><div class=\"title-sep-container title-sep-container-left fusion-no-large-visibility fusion-no-medium-visibility fusion-no-small-visibility\"><div class=\"title-sep sep- sep-solid\" style=\"border-color:#e0dede;\"><\/div><\/div><span class=\"awb-title-spacer fusion-no-large-visibility fusion-no-medium-visibility fusion-no-small-visibility\"><\/span><h1 class=\"fusion-title-heading title-heading-left fusion-responsive-typography-calculated\" style=\"margin:0;--fontSize:50;line-height:1.4;\">PHOTOVOLTAIK<\/h1><span class=\"awb-title-spacer\"><\/span><div class=\"title-sep-container title-sep-container-right\"><div class=\"title-sep sep- sep-solid\" style=\"border-color:#e0dede;\"><\/div><\/div><\/div><div class=\"fusion-text fusion-text-1\"><p>In Zusammenarbeit mit dem <strong>Europ\u00e4ischen Fonds f\u00fcr regionale Entwicklung<\/strong> wurde ein Solarkraftwerk errichtet, das bis zu 30% des j\u00e4hrlichen Stromverbrauchs decken soll.<\/p>\n<p>Das Projekt wurde von der<strong> Europ\u00e4ischen Union<\/strong> mitfinanziert und besteht darin, das Dach des Firmengeb\u00e4udes mit Solarmodulen mit einer geplanten Nennleistung von 204 kWp zu best\u00fccken.<\/p>\n<\/div><\/div><\/div><div class=\"fusion-layout-column fusion_builder_column fusion-builder-column-2 fusion_builder_column_2_3 2_3 fusion-flex-column\" style=\"--awb-bg-size:cover;--awb-width-large:66.666666666667%;--awb-margin-top-large:0px;--awb-spacing-right-large:2.88%;--awb-margin-bottom-large:20px;--awb-spacing-left-large:2.88%;--awb-width-medium:66.666666666667%;--awb-spacing-right-medium:2.88%;--awb-spacing-left-medium:2.88%;--awb-width-small:100%;--awb-spacing-right-small:1.92%;--awb-spacing-left-small:1.92%;\"><div class=\"fusion-column-wrapper fusion-column-has-shadow fusion-flex-justify-content-flex-start fusion-content-layout-column\"><div class=\"fusion-image-carousel fusion-image-carousel-auto fusion-image-carousel-1 lightbox-enabled\"><div class=\"awb-carousel awb-swiper awb-swiper-carousel\" data-autoplay=\"yes\" data-columns=\"1\" data-itemmargin=\"13\" data-itemwidth=\"180\" data-touchscroll=\"no\" data-imagesize=\"auto\" style=\"--awb-columns:1;\"><div class=\"swiper-wrapper awb-image-carousel-wrapper fusion-flex-align-items-center\"><div class=\"swiper-slide\"><div class=\"fusion-carousel-item-wrapper\"><div class=\"fusion-image-wrapper hover-type-none\"><a data-rel=\"iLightbox[image_carousel_1]\" data-title=\"Plak\u00e1t-A3\" aria-label=\"Plak\u00e1t-A3\" href=\"https:\/\/kamykdaunen.cz\/wp-content\/uploads\/2021\/05\/Plak\u00e1t-A3.svg\" target=\"_self\"><img decoding=\"async\" width=\"1587\" height=\"1122\" src=\"https:\/\/kamykdaunen.cz\/wp-content\/uploads\/2021\/05\/Plak\u00e1t-A3.svg\" class=\"attachment-full size-full\" alt=\"\" \/><\/a><\/div><\/div><\/div><div class=\"swiper-slide\"><div class=\"fusion-carousel-item-wrapper\"><div class=\"fusion-image-wrapper hover-type-none\"><a data-rel=\"iLightbox[image_carousel_1]\" data-title=\"FVE ST\u0158ECHA\" aria-label=\"FVE ST\u0158ECHA\" href=\"https:\/\/kamykdaunen.cz\/wp-content\/uploads\/2022\/06\/FVE-STRECHA.jpg\" target=\"_self\"><img decoding=\"async\" width=\"2016\" height=\"1134\" src=\"https:\/\/kamykdaunen.cz\/wp-content\/uploads\/2022\/06\/FVE-STRECHA.jpg\" class=\"attachment-full size-full\" alt=\"\" srcset=\"https:\/\/kamykdaunen.cz\/wp-content\/uploads\/2022\/06\/FVE-STRECHA-200x113.jpg 200w, https:\/\/kamykdaunen.cz\/wp-content\/uploads\/2022\/06\/FVE-STRECHA-300x169.jpg 300w, https:\/\/kamykdaunen.cz\/wp-content\/uploads\/2022\/06\/FVE-STRECHA-400x225.jpg 400w, https:\/\/kamykdaunen.cz\/wp-content\/uploads\/2022\/06\/FVE-STRECHA-600x338.jpg 600w, https:\/\/kamykdaunen.cz\/wp-content\/uploads\/2022\/06\/FVE-STRECHA-768x432.jpg 768w, https:\/\/kamykdaunen.cz\/wp-content\/uploads\/2022\/06\/FVE-STRECHA-800x450.jpg 800w, https:\/\/kamykdaunen.cz\/wp-content\/uploads\/2022\/06\/FVE-STRECHA-1024x576.jpg 1024w, https:\/\/kamykdaunen.cz\/wp-content\/uploads\/2022\/06\/FVE-STRECHA-1200x675.jpg 1200w, https:\/\/kamykdaunen.cz\/wp-content\/uploads\/2022\/06\/FVE-STRECHA-1536x864.jpg 1536w, https:\/\/kamykdaunen.cz\/wp-content\/uploads\/2022\/06\/FVE-STRECHA.jpg 2016w\" sizes=\"(max-width: 2016px) 100vw, 2016px\" \/><\/a><\/div><\/div><\/div><\/div><div class=\"awb-swiper-button awb-swiper-button-prev\"><i class=\"awb-icon-angle-left\" aria-hidden=\"true\"><\/i><\/div><div class=\"awb-swiper-button awb-swiper-button-next\"><i class=\"awb-icon-angle-right\" aria-hidden=\"true\"><\/i><\/div><\/div><\/div><\/div><\/div><\/div><\/div><\/p>\n","protected":false},"excerpt":{"rendered":"","protected":false},"author":1,"featured_media":0,"parent":0,"menu_order":0,"comment_status":"closed","ping_status":"closed","template":"","meta":{"inline_featured_image":false,"footnotes":""},"_links":{"self":[{"href":"https:\/\/kamykdaunen.cz\/de\/wp-json\/wp\/v2\/pages\/308"}],"collection":[{"href":"https:\/\/kamykdaunen.cz\/de\/wp-json\/wp\/v2\/pages"}],"about":[{"href":"https:\/\/kamykdaunen.cz\/de\/wp-json\/wp\/v2\/types\/page"}],"author":[{"embeddable":true,"href":"https:\/\/kamykdaunen.cz\/de\/wp-json\/wp\/v2\/users\/1"}],"replies":[{"embeddable":true,"href":"https:\/\/kamykdaunen.cz\/de\/wp-json\/wp\/v2\/comments?post=308"}],"version-history":[{"count":12,"href":"https:\/\/kamykdaunen.cz\/de\/wp-json\/wp\/v2\/pages\/308\/revisions"}],"predecessor-version":[{"id":965,"href":"https:\/\/kamykdaunen.cz\/de\/wp-json\/wp\/v2\/pages\/308\/revisions\/965"}],"wp:attachment":[{"href":"https:\/\/kamykdaunen.cz\/de\/wp-json\/wp\/v2\/media?parent=308"}],"curies":[{"name":"wp","href":"https:\/\/api.w.org\/{rel}","templated":true}]}}